{"id":849,"date":"2023-10-15T07:11:35","date_gmt":"2023-10-15T05:11:35","guid":{"rendered":"https:\/\/trading.credit\/declaration-de-confidentialite\/"},"modified":"2023-12-31T14:29:34","modified_gmt":"2023-12-31T13:29:34","slug":"declaration-de-confidentialite","status":"publish","type":"page","link":"https:\/\/trading.credit\/fr\/declaration-de-confidentialite\/","title":{"rendered":"D\u00e9claration de confidentialit\u00e9"},"content":{"rendered":"\n<ol class=\"wp-block-list\">\n<li><strong>Remarques g\u00e9n\u00e9rales et informations obligatoires<\/strong><\/li>\n<\/ol>\n\n<p><strong>Protection des donn\u00e9es<\/strong> L&#8217;exploitant de ce site web, trading.credit, prend tr\u00e8s au s\u00e9rieux la protection de vos donn\u00e9es personnelles. Nous traitons vos donn\u00e9es personnelles de mani\u00e8re confidentielle et conform\u00e9ment aux dispositions l\u00e9gales en mati\u00e8re de protection des donn\u00e9es et \u00e0 la pr\u00e9sente d\u00e9claration de confidentialit\u00e9.<\/p>\n\n<p><strong>R\u00e9vocation de votre consentement au traitement des donn\u00e9es<\/strong> De nombreuses op\u00e9rations de traitement des donn\u00e9es ne sont possibles qu&#8217;avec votre consentement explicite. Vous pouvez r\u00e9voquer \u00e0 tout moment un consentement d\u00e9j\u00e0 donn\u00e9.<\/p>\n\n<ol class=\"wp-block-list\" start=\"2\">\n<li><strong>Collecte de donn\u00e9es sur notre site web<\/strong><\/li>\n<\/ol>\n\n<p><strong>Cookies<\/strong> Nos pages Internet utilisent ce que l&#8217;on appelle des &#8220;cookies&#8221;. Les cookies n&#8217;endommagent pas votre ordinateur et ne contiennent pas de virus. Ils servent \u00e0 rendre notre offre plus conviviale et plus s\u00fbre.<\/p>\n\n<p><strong>Fichiers journaux du serveur<\/strong> Le fournisseur des pages collecte et enregistre automatiquement des informations dans ce que l&#8217;on appelle des fichiers journaux du serveur, que votre navigateur nous transmet automatiquement. Il s&#8217;agit de<\/p>\n\n<ul class=\"wp-block-list\">\n<li>Type et version du navigateur<\/li>\n\n\n\n<li>le syst\u00e8me d&#8217;exploitation utilis\u00e9<\/li>\n\n\n\n<li>URL de r\u00e9f\u00e9rence<\/li>\n\n\n\n<li>nom d&#8217;h\u00f4te de l&#8217;ordinateur qui acc\u00e8de au site<\/li>\n\n\n\n<li>Heure de la demande du serveur<\/li>\n\n\n\n<li>Adresse IP<\/li>\n<\/ul>\n\n<p><strong>Outils d&#8217;analyse et publicit\u00e9<\/strong><\/p>\n\n<p><strong>Matomo (anciennement Piwik)<\/strong> Ce site utilise le service d&#8217;analyse web open source Matomo, qui est h\u00e9berg\u00e9 sur notre serveur en Allemagne. Les donn\u00e9es collect\u00e9es par Matomo restent sur notre serveur et ne sont pas transmises.<\/p>\n\n<p><strong>Google Fonts<\/strong> Ce site utilise ce que l&#8217;on appelle les Web Fonts de Google pour l&#8217;affichage uniforme des polices de caract\u00e8res. Lorsque vous consultez une page, votre navigateur charge les polices web n\u00e9cessaires dans le cache de votre navigateur afin d&#8217;afficher correctement les textes et les polices.<\/p>\n\n<p><strong>Services de tiers<\/strong><\/p>\n\n<p><strong>Cloudflare<\/strong> Notre site utilise les fonctions de Cloudflare pour rendre le site plus rapide et plus s\u00fbr. Cloudflare utilise des cookies et stocke des donn\u00e9es afin d&#8217;am\u00e9liorer la s\u00e9curit\u00e9 du site.<\/p>\n\n<p><strong>Moteurs de recherche<\/strong> Notre site web est enregistr\u00e9 dans la Google Search Console ainsi que dans les Bing Webmaster Tools. Cela nous permet de r\u00e9cup\u00e9rer des donn\u00e9es aupr\u00e8s des moteurs de recherche concern\u00e9s. Ces donn\u00e9es ne permettent pas d&#8217;identifier les connexions individuelles et sont totalement anonymes pour nous.<\/p>\n\n<hr class=\"wp-block-separator has-alpha-channel-opacity\"\/>\n","protected":false},"excerpt":{"rendered":"<p>Protection des donn\u00e9es L&#8217;exploitant de ce site web, trading.credit, prend tr\u00e8s au s\u00e9rieux la protection de vos donn\u00e9es personnelles. Nous traitons vos donn\u00e9es personnelles de mani\u00e8re confidentielle et conform\u00e9ment aux dispositions l\u00e9gales en mati\u00e8re de protection des donn\u00e9es et \u00e0 la pr\u00e9sente d\u00e9claration de confidentialit\u00e9. R\u00e9vocation de votre consentement au traitement des donn\u00e9es De nombreuses [&hellip;]<\/p>\n","protected":false},"author":1,"featured_media":0,"parent":0,"menu_order":0,"comment_status":"closed","ping_status":"closed","template":"","meta":{"_uag_custom_page_level_css":"","_swt_meta_header_display":false,"_swt_meta_footer_display":false,"_swt_meta_site_title_display":false,"_swt_meta_sticky_header":false,"_swt_meta_transparent_header":false,"footnotes":""},"class_list":["post-849","page","type-page","status-publish","hentry"],"yoast_head":"<!-- This site is optimized with the Yoast SEO plugin v27.3 - https:\/\/yoast.com\/product\/yoast-seo-wordpress\/ -->\n<title>D\u00e9claration de confidentialit\u00e9 - trading credit<\/title>\n<meta name=\"robots\" content=\"index, follow, max-snippet:-1, max-image-preview:large, max-video-preview:-1\" \/>\n<link rel=\"canonical\" href=\"https:\/\/trading.credit\/fr\/declaration-de-confidentialite\/\" \/>\n<meta property=\"og:locale\" content=\"fr_FR\" \/>\n<meta property=\"og:type\" content=\"article\" \/>\n<meta property=\"og:title\" content=\"D\u00e9claration de confidentialit\u00e9 - trading credit\" \/>\n<meta property=\"og:description\" content=\"Protection des donn\u00e9es L&#8217;exploitant de ce site web, trading.credit, prend tr\u00e8s au s\u00e9rieux la protection de vos donn\u00e9es personnelles. Nous traitons vos donn\u00e9es personnelles de mani\u00e8re confidentielle et conform\u00e9ment aux dispositions l\u00e9gales en mati\u00e8re de protection des donn\u00e9es et \u00e0 la pr\u00e9sente d\u00e9claration de confidentialit\u00e9. R\u00e9vocation de votre consentement au traitement des donn\u00e9es De nombreuses [&hellip;]\" \/>\n<meta property=\"og:url\" content=\"https:\/\/trading.credit\/fr\/declaration-de-confidentialite\/\" \/>\n<meta property=\"og:site_name\" content=\"trading credit\" \/>\n<meta property=\"article:modified_time\" content=\"2023-12-31T13:29:34+00:00\" \/>\n<meta name=\"twitter:card\" content=\"summary_large_image\" \/>\n<meta name=\"twitter:label1\" content=\"Est. reading time\" \/>\n\t<meta name=\"twitter:data1\" content=\"2 minutes\" \/>\n<script type=\"application\/ld+json\" class=\"yoast-schema-graph\">{\"@context\":\"https:\\\/\\\/schema.org\",\"@graph\":[{\"@type\":\"WebPage\",\"@id\":\"https:\\\/\\\/trading.credit\\\/fr\\\/declaration-de-confidentialite\\\/\",\"url\":\"https:\\\/\\\/trading.credit\\\/fr\\\/declaration-de-confidentialite\\\/\",\"name\":\"D\u00e9claration de confidentialit\u00e9 - trading credit\",\"isPartOf\":{\"@id\":\"https:\\\/\\\/trading.credit\\\/fr\\\/#website\"},\"datePublished\":\"2023-10-15T05:11:35+00:00\",\"dateModified\":\"2023-12-31T13:29:34+00:00\",\"breadcrumb\":{\"@id\":\"https:\\\/\\\/trading.credit\\\/fr\\\/declaration-de-confidentialite\\\/#breadcrumb\"},\"inLanguage\":\"fr-FR\",\"potentialAction\":[{\"@type\":\"ReadAction\",\"target\":[\"https:\\\/\\\/trading.credit\\\/fr\\\/declaration-de-confidentialite\\\/\"]}]},{\"@type\":\"BreadcrumbList\",\"@id\":\"https:\\\/\\\/trading.credit\\\/fr\\\/declaration-de-confidentialite\\\/#breadcrumb\",\"itemListElement\":[{\"@type\":\"ListItem\",\"position\":1,\"name\":\"Home\",\"item\":\"https:\\\/\\\/trading.credit\\\/fr\\\/\"},{\"@type\":\"ListItem\",\"position\":2,\"name\":\"D\u00e9claration de confidentialit\u00e9\"}]},{\"@type\":\"WebSite\",\"@id\":\"https:\\\/\\\/trading.credit\\\/fr\\\/#website\",\"url\":\"https:\\\/\\\/trading.credit\\\/fr\\\/\",\"name\":\"trading credit\",\"description\":\"\",\"potentialAction\":[{\"@type\":\"SearchAction\",\"target\":{\"@type\":\"EntryPoint\",\"urlTemplate\":\"https:\\\/\\\/trading.credit\\\/fr\\\/?s={search_term_string}\"},\"query-input\":{\"@type\":\"PropertyValueSpecification\",\"valueRequired\":true,\"valueName\":\"search_term_string\"}}],\"inLanguage\":\"fr-FR\"}]}<\/script>\n<!-- \/ Yoast SEO plugin. -->","yoast_head_json":{"title":"D\u00e9claration de confidentialit\u00e9 - trading credit","robots":{"index":"index","follow":"follow","max-snippet":"max-snippet:-1","max-image-preview":"max-image-preview:large","max-video-preview":"max-video-preview:-1"},"canonical":"https:\/\/trading.credit\/fr\/declaration-de-confidentialite\/","og_locale":"fr_FR","og_type":"article","og_title":"D\u00e9claration de confidentialit\u00e9 - trading credit","og_description":"Protection des donn\u00e9es L&#8217;exploitant de ce site web, trading.credit, prend tr\u00e8s au s\u00e9rieux la protection de vos donn\u00e9es personnelles. Nous traitons vos donn\u00e9es personnelles de mani\u00e8re confidentielle et conform\u00e9ment aux dispositions l\u00e9gales en mati\u00e8re de protection des donn\u00e9es et \u00e0 la pr\u00e9sente d\u00e9claration de confidentialit\u00e9. R\u00e9vocation de votre consentement au traitement des donn\u00e9es De nombreuses [&hellip;]","og_url":"https:\/\/trading.credit\/fr\/declaration-de-confidentialite\/","og_site_name":"trading credit","article_modified_time":"2023-12-31T13:29:34+00:00","twitter_card":"summary_large_image","twitter_misc":{"Est. reading time":"2 minutes"},"schema":{"@context":"https:\/\/schema.org","@graph":[{"@type":"WebPage","@id":"https:\/\/trading.credit\/fr\/declaration-de-confidentialite\/","url":"https:\/\/trading.credit\/fr\/declaration-de-confidentialite\/","name":"D\u00e9claration de confidentialit\u00e9 - trading credit","isPartOf":{"@id":"https:\/\/trading.credit\/fr\/#website"},"datePublished":"2023-10-15T05:11:35+00:00","dateModified":"2023-12-31T13:29:34+00:00","breadcrumb":{"@id":"https:\/\/trading.credit\/fr\/declaration-de-confidentialite\/#breadcrumb"},"inLanguage":"fr-FR","potentialAction":[{"@type":"ReadAction","target":["https:\/\/trading.credit\/fr\/declaration-de-confidentialite\/"]}]},{"@type":"BreadcrumbList","@id":"https:\/\/trading.credit\/fr\/declaration-de-confidentialite\/#breadcrumb","itemListElement":[{"@type":"ListItem","position":1,"name":"Home","item":"https:\/\/trading.credit\/fr\/"},{"@type":"ListItem","position":2,"name":"D\u00e9claration de confidentialit\u00e9"}]},{"@type":"WebSite","@id":"https:\/\/trading.credit\/fr\/#website","url":"https:\/\/trading.credit\/fr\/","name":"trading credit","description":"","potentialAction":[{"@type":"SearchAction","target":{"@type":"EntryPoint","urlTemplate":"https:\/\/trading.credit\/fr\/?s={search_term_string}"},"query-input":{"@type":"PropertyValueSpecification","valueRequired":true,"valueName":"search_term_string"}}],"inLanguage":"fr-FR"}]}},"spectra_custom_meta":{"_top_nav_excluded":[""],"_cms_nav_minihome":[""],"_wp_page_template":["default"],"_last_translation_edit_mode":["translation-editor"],"_uag_page_assets":["a:9:{s:3:\"css\";s:10987:\".wp-block-uagb-container.uagb-block-75b082b9 .uagb-container__shape-top svg{width: calc( 100% + 1.3px );}.wp-block-uagb-container.uagb-block-75b082b9 .uagb-container__shape.uagb-container__shape-top .uagb-container__shape-fill{fill: rgba(51,51,51,1);}.wp-block-uagb-container.uagb-block-75b082b9 .uagb-container__shape-bottom svg{width: calc( 100% + 1.3px );}.wp-block-uagb-container.uagb-block-75b082b9 .uagb-container__shape.uagb-container__shape-bottom .uagb-container__shape-fill{fill: rgba(51,51,51,1);}.wp-block-uagb-container.uagb-block-75b082b9 .uagb-container__video-wrap video{opacity: 1;}.wp-block-uagb-container.uagb-is-root-container .uagb-block-75b082b9{max-width: 100%;width: 100%;}.wp-block-uagb-container.uagb-is-root-container.alignfull.uagb-block-75b082b9 > .uagb-container-inner-blocks-wrap{--inner-content-custom-width: min( 100%, 1164px);max-width: var(--inner-content-custom-width);width: 100%;flex-direction: column;align-items: center;justify-content: center;flex-wrap: nowrap;row-gap: 20px;column-gap: 20px;}.wp-block-uagb-container.uagb-block-75b082b9{box-shadow: 0px 0px   #00000070 ;padding-top: 10px;padding-bottom: 10px;padding-left: 10px;padding-right: 10px;margin-top: 50px !important;margin-bottom: 50px !important;margin-left: 0px;margin-right: 0px;overflow: visible;order: initial;border-color: inherit;row-gap: 20px;column-gap: 20px;}.uagb-block-d222d4fe.wp-block-uagb-buttons.uagb-buttons__outer-wrap .uagb-buttons__wrap {gap: 10px;}.uagb-block-d222d4fe.uagb-buttons__outer-wrap .uagb-buttons__wrap {justify-content: left;align-items: center;}.wp-block-uagb-buttons .uagb-block-3ce1a2b1 .uagb-button__wrapper  .uagb-buttons-repeater.wp-block-button__link{box-shadow: 0px 0px 0 #00000026;}.wp-block-uagb-buttons .uagb-block-3ce1a2b1 .uagb-button__wrapper  .uagb-buttons-repeater.wp-block-button__link:hover{box-shadow: 0px 0px 0 #00000026;}.wp-block-uagb-buttons .uagb-block-3ce1a2b1 .uagb-buttons-repeater.wp-block-button__link{border-top-width: 1px;border-left-width: 1px;border-right-width: 1px;border-bottom-width: 1px;border-color: #333;border-style: solid;}.wp-block-uagb-buttons .uagb-block-3ce1a2b1 .uagb-buttons-repeater.wp-block-button__link:hover{border-color: #333;}.wp-block-uagb-buttons .uagb-block-3ce1a2b1 .uagb-buttons-repeater.wp-block-button__link:focus{border-color: #333;}.wp-block-uagb-buttons .uagb-block-3ce1a2b1.wp-block-button.is-style-outline .uagb-button__wrapper .wp-block-button__link.uagb-buttons-repeater{border-top-width: 1px;border-left-width: 1px;border-right-width: 1px;border-bottom-width: 1px;border-color: #333;border-style: solid;}.wp-block-uagb-buttons .uagb-block-3ce1a2b1.wp-block-button.is-style-outline .uagb-button__wrapper .wp-block-button__link.uagb-buttons-repeater:hover{border-color: #333;}.wp-block-uagb-buttons .uagb-block-3ce1a2b1 .uagb-buttons-repeater .uagb-button__icon > svg{width: 15px;height: 15px;}.wp-block-uagb-buttons .uagb-block-3ce1a2b1 .uagb-buttons-repeater .uagb-button__icon-position-after{margin-left: 8px;}.wp-block-uagb-buttons .uagb-block-3ce1a2b1 .uagb-buttons-repeater .uagb-button__icon-position-before{margin-right: 8px;}.wp-block-uagb-buttons .uagb-block-3ce1a2b1 .uagb-button__link{text-transform: normal;text-decoration: none;}.uagb-block-ff6e0151.wp-block-uagb-image--layout-default figure img{box-shadow: 0px 0px 0 #00000070;}.uagb-block-ff6e0151.wp-block-uagb-image .wp-block-uagb-image__figure figcaption{font-style: normal;align-self: center;}.uagb-block-ff6e0151.wp-block-uagb-image--layout-overlay figure img{box-shadow: 0px 0px 0 #00000070;}.uagb-block-ff6e0151.wp-block-uagb-image--layout-overlay .wp-block-uagb-image--layout-overlay__color-wrapper{opacity: 0.2;}.uagb-block-ff6e0151.wp-block-uagb-image--layout-overlay .wp-block-uagb-image--layout-overlay__inner{left: 15px;right: 15px;top: 15px;bottom: 15px;}.uagb-block-ff6e0151.wp-block-uagb-image--layout-overlay .wp-block-uagb-image--layout-overlay__inner .uagb-image-heading{font-style: normal;color: #fff;opacity: 1;}.uagb-block-ff6e0151.wp-block-uagb-image--layout-overlay .wp-block-uagb-image--layout-overlay__inner .uagb-image-heading a{color: #fff;}.uagb-block-ff6e0151.wp-block-uagb-image--layout-overlay .wp-block-uagb-image--layout-overlay__inner .uagb-image-caption{opacity: 0;}.uagb-block-ff6e0151.wp-block-uagb-image--layout-overlay .wp-block-uagb-image__figure:hover .wp-block-uagb-image--layout-overlay__color-wrapper{opacity: 1;}.uagb-block-ff6e0151.wp-block-uagb-image .wp-block-uagb-image--layout-overlay__inner .uagb-image-separator{width: 30%;border-top-width: 2px;border-top-color: #fff;opacity: 0;}.uagb-block-ff6e0151.wp-block-uagb-image .wp-block-uagb-image__figure img{width: 427px;height: 400px;}.uagb-block-ff6e0151.wp-block-uagb-image .wp-block-uagb-image__figure:hover .wp-block-uagb-image--layout-overlay__inner .uagb-image-caption{opacity: 1;}.uagb-block-ff6e0151.wp-block-uagb-image .wp-block-uagb-image__figure:hover .wp-block-uagb-image--layout-overlay__inner .uagb-image-separator{opacity: 1;}.uagb-block-ff6e0151.wp-block-uagb-image--layout-default figure:hover img{box-shadow: 0px 0px 0 #00000070;}.uagb-block-ff6e0151.wp-block-uagb-image--layout-overlay figure:hover img{box-shadow: 0px 0px 0 #00000070;}@media only screen and (max-width: 976px) {.wp-block-uagb-container.uagb-is-root-container .uagb-block-75b082b9{width: 100%;}.wp-block-uagb-container.uagb-is-root-container.alignfull.uagb-block-75b082b9 > .uagb-container-inner-blocks-wrap{--inner-content-custom-width: min( 100%, 1024px);max-width: var(--inner-content-custom-width);width: 100%;}.wp-block-uagb-container.uagb-block-75b082b9{padding-top: 10px;padding-bottom: 10px;padding-left: 10px;padding-right: 10px;margin-top: 50px !important;margin-bottom: 50px !important;margin-left: 0px;margin-right: 0px;order: initial;}.uagb-block-d222d4fe.uagb-buttons__outer-wrap .uagb-buttons__wrap {justify-content: center;align-items: center;}.uagb-block-d222d4fe.uagb-buttons__outer-wrap .uagb-buttons__wrap .wp-block-button{width: auto;}.wp-block-uagb-buttons .uagb-block-3ce1a2b1.wp-block-button.is-style-outline .uagb-button__wrapper .wp-block-button__link.uagb-buttons-repeater{border-style: solid;border-color: #333;}.wp-block-uagb-buttons .uagb-block-3ce1a2b1 .uagb-buttons-repeater.wp-block-button__link{border-style: solid;border-color: #333;}.uagb-block-ff6e0151.wp-block-uagb-image .wp-block-uagb-image__figure img{width: 427px;height: auto;}}@media only screen and (max-width: 767px) {.wp-block-uagb-container.uagb-is-root-container .uagb-block-75b082b9{max-width: 100%;width: 100%;}.wp-block-uagb-container.uagb-is-root-container.alignfull.uagb-block-75b082b9 > .uagb-container-inner-blocks-wrap{--inner-content-custom-width: min( 100%, 767px);max-width: var(--inner-content-custom-width);width: 100%;flex-wrap: wrap;}.wp-block-uagb-container.uagb-block-75b082b9{padding-top: 10px;padding-bottom: 10px;padding-left: 10px;padding-right: 10px;margin-top: 50px !important;margin-bottom: 50px !important;margin-left: 0px;margin-right: 0px;order: initial;}.uagb-block-d222d4fe.uagb-buttons__outer-wrap .uagb-buttons__wrap {justify-content: center;align-items: center;}.uagb-block-d222d4fe.uagb-buttons__outer-wrap .uagb-buttons__wrap .wp-block-button{width: auto;}.wp-block-uagb-buttons .uagb-block-3ce1a2b1.wp-block-button.is-style-outline .uagb-button__wrapper .wp-block-button__link.uagb-buttons-repeater{border-style: solid;border-color: #333;}.wp-block-uagb-buttons .uagb-block-3ce1a2b1 .uagb-buttons-repeater.wp-block-button__link{border-style: solid;border-color: #333;}.uagb-block-ff6e0151.wp-block-uagb-image .wp-block-uagb-image__figure img{width: 427px;height: auto;}}.wp-block-uagb-container.uagb-block-ce837916 .uagb-container__shape-top svg{width: calc( 100% + 1.3px );}.wp-block-uagb-container.uagb-block-ce837916 .uagb-container__shape.uagb-container__shape-top .uagb-container__shape-fill{fill: rgba(51,51,51,1);}.wp-block-uagb-container.uagb-block-ce837916 .uagb-container__shape-bottom svg{width: calc( 100% + 1.3px );}.wp-block-uagb-container.uagb-block-ce837916 .uagb-container__shape.uagb-container__shape-bottom .uagb-container__shape-fill{fill: rgba(51,51,51,1);}.wp-block-uagb-container.uagb-block-ce837916 .uagb-container__video-wrap video{opacity: 1;}.wp-block-uagb-container.uagb-is-root-container .uagb-block-ce837916{max-width: 100%;width: 100%;}.wp-block-uagb-container.uagb-is-root-container.alignfull.uagb-block-ce837916 > .uagb-container-inner-blocks-wrap{--inner-content-custom-width: min( 100%, 1164px);max-width: var(--inner-content-custom-width);width: 100%;flex-direction: column;align-items: center;justify-content: center;flex-wrap: nowrap;row-gap: 20px;column-gap: 20px;}.wp-block-uagb-container.uagb-block-ce837916{box-shadow: 0px 0px   #00000070 ;padding-top: 10px;padding-bottom: 10px;padding-left: 10px;padding-right: 10px;margin-top:  !important;margin-bottom:  !important;overflow: visible;order: initial;border-color: inherit;row-gap: 20px;column-gap: 20px;}.wp-block-uagb-advanced-heading.uagb-block-4566e0cf.wp-block-uagb-advanced-heading .uagb-heading-text{color: #ffffff;}.wp-block-uagb-advanced-heading.uagb-block-4566e0cf.wp-block-uagb-advanced-heading {text-align: center;}.wp-block-uagb-advanced-heading.uagb-block-4566e0cf.wp-block-uagb-advanced-heading .uagb-desc-text{margin-bottom: 15px;}.wp-block-uagb-advanced-heading.uagb-block-4566e0cf.wp-block-uagb-advanced-heading .uagb-highlight{font-style: normal;font-weight: Default;background: #007cba;color: #fff;-webkit-text-fill-color: #fff;}.wp-block-uagb-advanced-heading.uagb-block-4566e0cf.wp-block-uagb-advanced-heading .uagb-highlight::-moz-selection{color: #fff;background: #007cba;-webkit-text-fill-color: #fff;}.wp-block-uagb-advanced-heading.uagb-block-4566e0cf.wp-block-uagb-advanced-heading .uagb-highlight::selection{color: #fff;background: #007cba;-webkit-text-fill-color: #fff;}@media only screen and (max-width: 976px) {.wp-block-uagb-container.uagb-is-root-container .uagb-block-ce837916{width: 100%;}.wp-block-uagb-container.uagb-is-root-container.alignfull.uagb-block-ce837916 > .uagb-container-inner-blocks-wrap{--inner-content-custom-width: min( 100%, 1024px);max-width: var(--inner-content-custom-width);width: 100%;}.wp-block-uagb-container.uagb-block-ce837916{padding-top: 10px;padding-bottom: 10px;padding-left: 10px;padding-right: 10px;margin-top:  !important;margin-bottom:  !important;order: initial;}}@media only screen and (max-width: 767px) {.wp-block-uagb-container.uagb-is-root-container .uagb-block-ce837916{max-width: 100%;width: 100%;}.wp-block-uagb-container.uagb-is-root-container.alignfull.uagb-block-ce837916 > .uagb-container-inner-blocks-wrap{--inner-content-custom-width: min( 100%, 767px);max-width: var(--inner-content-custom-width);width: 100%;flex-wrap: wrap;}.wp-block-uagb-container.uagb-block-ce837916{padding-top: 10px;padding-bottom: 10px;padding-left: 10px;padding-right: 10px;margin-top:  !important;margin-bottom:  !important;order: initial;}}\";s:2:\"js\";s:161:\"document.addEventListener(\"DOMContentLoaded\", function(){ window.addEventListener( 'load', function() {\n\tUAGBButtonChild.init( '.uagb-block-3ce1a2b1' );\n});\n });\";s:18:\"current_block_list\";a:40:{i:0;s:10:\"core\/group\";i:2;s:10:\"core\/image\";i:4;s:15:\"core\/navigation\";i:5;s:12:\"core\/buttons\";i:6;s:11:\"core\/button\";i:8;s:15:\"core\/post-title\";i:11;s:24:\"core\/post-featured-image\";i:12;s:17:\"core\/post-content\";i:14;s:13:\"core\/comments\";i:15;s:19:\"core\/comments-title\";i:16;s:21:\"core\/comment-template\";i:19;s:11:\"core\/avatar\";i:21;s:24:\"core\/comment-author-name\";i:23;s:17:\"core\/comment-date\";i:24;s:22:\"core\/comment-edit-link\";i:25;s:20:\"core\/comment-content\";i:26;s:23:\"core\/comment-reply-link\";i:27;s:24:\"core\/comments-pagination\";i:28;s:33:\"core\/comments-pagination-previous\";i:29;s:32:\"core\/comments-pagination-numbers\";i:30;s:29:\"core\/comments-pagination-next\";i:31;s:23:\"core\/post-comments-form\";i:32;s:14:\"uagb\/container\";i:33;s:12:\"core\/columns\";i:34;s:11:\"core\/column\";i:35;s:14:\"core\/paragraph\";i:36;s:12:\"uagb\/buttons\";i:37;s:18:\"uagb\/buttons-child\";i:39;s:10:\"uagb\/image\";i:42;s:21:\"uagb\/advanced-heading\";i:43;s:15:\"core\/site-title\";i:44;s:9:\"core\/list\";i:45;s:14:\"core\/list-item\";i:46;s:14:\"core\/separator\";i:47;s:11:\"core\/search\";i:49;s:12:\"core\/heading\";i:50;s:17:\"core\/latest-posts\";i:51;s:20:\"core\/latest-comments\";i:52;s:13:\"core\/archives\";i:53;s:15:\"core\/categories\";}s:8:\"uag_flag\";b:1;s:11:\"uag_version\";s:10:\"1775008434\";s:6:\"gfonts\";a:0:{}s:10:\"gfonts_url\";s:0:\"\";s:12:\"gfonts_files\";a:0:{}s:14:\"uag_faq_layout\";b:0;}"]},"uagb_featured_image_src":{"full":false,"thumbnail":false,"medium":false,"medium_large":false,"large":false,"1536x1536":false,"2048x2048":false,"mailpoet_newsletter_max":false},"uagb_author_info":{"display_name":"wpadmin","author_link":"https:\/\/trading.credit\/fr\/author\/wpadmin\/"},"uagb_comment_info":0,"uagb_excerpt":"Protection des donn\u00e9es L&#8217;exploitant de ce site web, trading.credit, prend tr\u00e8s au s\u00e9rieux la protection de vos donn\u00e9es personnelles. Nous traitons vos donn\u00e9es personnelles de mani\u00e8re confidentielle et conform\u00e9ment aux dispositions l\u00e9gales en mati\u00e8re de protection des donn\u00e9es et \u00e0 la pr\u00e9sente d\u00e9claration de confidentialit\u00e9. R\u00e9vocation de votre consentement au traitement des donn\u00e9es De nombreuses&hellip;","_links":{"self":[{"href":"https:\/\/trading.credit\/fr\/wp-json\/wp\/v2\/pages\/849","targetHints":{"allow":["GET"]}}],"collection":[{"href":"https:\/\/trading.credit\/fr\/wp-json\/wp\/v2\/pages"}],"about":[{"href":"https:\/\/trading.credit\/fr\/wp-json\/wp\/v2\/types\/page"}],"author":[{"embeddable":true,"href":"https:\/\/trading.credit\/fr\/wp-json\/wp\/v2\/users\/1"}],"replies":[{"embeddable":true,"href":"https:\/\/trading.credit\/fr\/wp-json\/wp\/v2\/comments?post=849"}],"version-history":[{"count":1,"href":"https:\/\/trading.credit\/fr\/wp-json\/wp\/v2\/pages\/849\/revisions"}],"predecessor-version":[{"id":851,"href":"https:\/\/trading.credit\/fr\/wp-json\/wp\/v2\/pages\/849\/revisions\/851"}],"wp:attachment":[{"href":"https:\/\/trading.credit\/fr\/wp-json\/wp\/v2\/media?parent=849"}],"curies":[{"name":"wp","href":"https:\/\/api.w.org\/{rel}","templated":true}]}}