{"id":857,"date":"2023-10-15T07:11:35","date_gmt":"2023-10-15T05:11:35","guid":{"rendered":"https:\/\/trading.credit\/gizlilik-politikasi\/"},"modified":"2023-12-31T14:29:34","modified_gmt":"2023-12-31T13:29:34","slug":"gizlilik-politikasi","status":"publish","type":"page","link":"https:\/\/trading.credit\/tr\/gizlilik-politikasi\/","title":{"rendered":"Gizlilik Politikas\u0131"},"content":{"rendered":"\n<ol class=\"wp-block-list\">\n<li><strong>Genel notlar ve zorunlu bilgiler<\/strong><\/li>\n<\/ol>\n\n<p><strong>Veri koruma<\/strong> Bu web sitesinin operat\u00f6r\u00fc trading.credit, ki\u015fisel verilerinizin korunmas\u0131n\u0131 \u00e7ok ciddiye almaktad\u0131r. Ki\u015fisel verilerinizi gizli ve yasal veri koruma d\u00fczenlemelerine ve bu gizlilik politikas\u0131na uygun olarak ele al\u0131yoruz.<\/p>\n\n<p><strong>Veri i\u015fleme izninizin geri \u00e7ekilmesi<\/strong> Bir\u00e7ok veri i\u015fleme i\u015flemi yaln\u0131zca a\u00e7\u0131k izninizle m\u00fcmk\u00fcnd\u00fcr. Onay\u0131n\u0131z\u0131 istedi\u011finiz zaman iptal edebilirsiniz.<\/p>\n\n<ol class=\"wp-block-list\" start=\"2\">\n<li><strong>Web sitemizde veri toplama<\/strong><\/li>\n<\/ol>\n\n<p><strong>\u00c7erezler<\/strong> \u0130nternet sayfalar\u0131m\u0131zda &#8220;\u00e7erezler&#8221; kullan\u0131lmaktad\u0131r. \u00c7erezler bilgisayar\u0131n\u0131za zarar vermez ve vir\u00fcs i\u00e7ermez. Web sitemizi daha kullan\u0131c\u0131 dostu ve g\u00fcvenli hale getirmeye hizmet ederler.<\/p>\n\n<p><strong>Sunucu g\u00fcnl\u00fck dosyalar\u0131<\/strong> Sayfalar\u0131n sa\u011flay\u0131c\u0131s\u0131, taray\u0131c\u0131n\u0131z\u0131n otomatik olarak bize iletti\u011fi sunucu g\u00fcnl\u00fck dosyalar\u0131 olarak adland\u0131r\u0131lan bilgileri otomatik olarak toplar ve saklar. Bunlar:<\/p>\n\n<ul class=\"wp-block-list\">\n<li>Taray\u0131c\u0131 t\u00fcr\u00fc ve taray\u0131c\u0131 s\u00fcr\u00fcm\u00fc<\/li>\n\n\n\n<li>Kullan\u0131lan i\u015fletim sistemi<\/li>\n\n\n\n<li>Y\u00f6nlendiren URL<\/li>\n\n\n\n<li>Eri\u015fen bilgisayar\u0131n ana bilgisayar ad\u0131<\/li>\n\n\n\n<li>Sunucu iste\u011finin zaman\u0131<\/li>\n\n\n\n<li>IP adresi<\/li>\n<\/ul>\n\n<p><strong>Analiz ara\u00e7lar\u0131 ve reklamc\u0131l\u0131k<\/strong><\/p>\n\n<p>Matomo <strong>(eski ad\u0131yla Piwik)<\/strong> Bu web sitesi, Almanya&#8217;daki sunucumuzda bar\u0131nd\u0131r\u0131lan a\u00e7\u0131k kaynakl\u0131 web analiz hizmeti Matomo&#8217;yu kullanmaktad\u0131r. Matomo taraf\u0131ndan toplanan veriler sunucumuzda kal\u0131r ve aktar\u0131lmaz.<\/p>\n\n<p><strong>Google Fonts<\/strong> Bu site, yaz\u0131 tiplerinin standartla\u015ft\u0131r\u0131lm\u0131\u015f g\u00f6sterimi i\u00e7in Google&#8217;\u0131n web yaz\u0131 tiplerini kullanmaktad\u0131r. Bir sayfay\u0131 \u00e7a\u011f\u0131rd\u0131\u011f\u0131n\u0131zda, taray\u0131c\u0131n\u0131z metinleri ve yaz\u0131 tiplerini do\u011fru \u015fekilde g\u00f6r\u00fcnt\u00fclemek i\u00e7in gerekli web yaz\u0131 tiplerini taray\u0131c\u0131 \u00f6nbelle\u011finize y\u00fckler.<\/p>\n\n<p><strong>\u00dc\u00e7\u00fcnc\u00fc taraf sa\u011flay\u0131c\u0131lardan al\u0131nan hizmetler<\/strong><\/p>\n\n<p><strong>Cloudflare<\/strong> Sitemiz, web sitesini daha h\u0131zl\u0131 ve daha g\u00fcvenli hale getirmek i\u00e7in Cloudflare i\u015flevlerini kullan\u0131r. Cloudflare, web sitesinin g\u00fcvenli\u011fini art\u0131rmak i\u00e7in \u00e7erezler kullan\u0131r ve verileri depolar.<\/p>\n\n<p><strong>Arama motorlar\u0131<\/strong> Web sitemiz Google Search Console ve Bing Webmaster Tools&#8217;a kay\u0131tl\u0131d\u0131r. Bu, ilgili arama motorlar\u0131ndan veri almam\u0131z\u0131 sa\u011flar. Bu veriler, bireysel ba\u011flant\u0131lar hakk\u0131nda herhangi bir sonuca var\u0131lmas\u0131na izin vermez ve bizim i\u00e7in tamamen anonimdir.<\/p>\n\n<hr class=\"wp-block-separator has-alpha-channel-opacity\"\/>\n","protected":false},"excerpt":{"rendered":"<p>Veri koruma Bu web sitesinin operat\u00f6r\u00fc trading.credit, ki\u015fisel verilerinizin korunmas\u0131n\u0131 \u00e7ok ciddiye almaktad\u0131r. Ki\u015fisel verilerinizi gizli ve yasal veri koruma d\u00fczenlemelerine ve bu gizlilik politikas\u0131na uygun olarak ele al\u0131yoruz. Veri i\u015fleme izninizin geri \u00e7ekilmesi Bir\u00e7ok veri i\u015fleme i\u015flemi yaln\u0131zca a\u00e7\u0131k izninizle m\u00fcmk\u00fcnd\u00fcr. Onay\u0131n\u0131z\u0131 istedi\u011finiz zaman iptal edebilirsiniz. \u00c7erezler \u0130nternet sayfalar\u0131m\u0131zda &#8220;\u00e7erezler&#8221; kullan\u0131lmaktad\u0131r. \u00c7erezler bilgisayar\u0131n\u0131za zarar [&hellip;]<\/p>\n","protected":false},"author":1,"featured_media":0,"parent":0,"menu_order":0,"comment_status":"closed","ping_status":"closed","template":"","meta":{"_uag_custom_page_level_css":"","_swt_meta_header_display":false,"_swt_meta_footer_display":false,"_swt_meta_site_title_display":false,"_swt_meta_sticky_header":false,"_swt_meta_transparent_header":false,"footnotes":""},"class_list":["post-857","page","type-page","status-publish","hentry"],"yoast_head":"<!-- This site is optimized with the Yoast SEO plugin v27.3 - https:\/\/yoast.com\/product\/yoast-seo-wordpress\/ -->\n<title>Gizlilik Politikas\u0131 - trading credit<\/title>\n<meta name=\"robots\" content=\"index, follow, max-snippet:-1, max-image-preview:large, max-video-preview:-1\" \/>\n<link rel=\"canonical\" href=\"https:\/\/trading.credit\/tr\/gizlilik-politikasi\/\" \/>\n<meta property=\"og:locale\" content=\"tr_TR\" \/>\n<meta property=\"og:type\" content=\"article\" \/>\n<meta property=\"og:title\" content=\"Gizlilik Politikas\u0131 - trading credit\" \/>\n<meta property=\"og:description\" content=\"Veri koruma Bu web sitesinin operat\u00f6r\u00fc trading.credit, ki\u015fisel verilerinizin korunmas\u0131n\u0131 \u00e7ok ciddiye almaktad\u0131r. Ki\u015fisel verilerinizi gizli ve yasal veri koruma d\u00fczenlemelerine ve bu gizlilik politikas\u0131na uygun olarak ele al\u0131yoruz. Veri i\u015fleme izninizin geri \u00e7ekilmesi Bir\u00e7ok veri i\u015fleme i\u015flemi yaln\u0131zca a\u00e7\u0131k izninizle m\u00fcmk\u00fcnd\u00fcr. Onay\u0131n\u0131z\u0131 istedi\u011finiz zaman iptal edebilirsiniz. \u00c7erezler \u0130nternet sayfalar\u0131m\u0131zda &#8220;\u00e7erezler&#8221; kullan\u0131lmaktad\u0131r. \u00c7erezler bilgisayar\u0131n\u0131za zarar [&hellip;]\" \/>\n<meta property=\"og:url\" content=\"https:\/\/trading.credit\/tr\/gizlilik-politikasi\/\" \/>\n<meta property=\"og:site_name\" content=\"trading credit\" \/>\n<meta property=\"article:modified_time\" content=\"2023-12-31T13:29:34+00:00\" \/>\n<meta name=\"twitter:card\" content=\"summary_large_image\" \/>\n<meta name=\"twitter:label1\" content=\"Est. reading time\" \/>\n\t<meta name=\"twitter:data1\" content=\"2 minutes\" \/>\n<script type=\"application\/ld+json\" class=\"yoast-schema-graph\">{\"@context\":\"https:\\\/\\\/schema.org\",\"@graph\":[{\"@type\":\"WebPage\",\"@id\":\"https:\\\/\\\/trading.credit\\\/tr\\\/gizlilik-politikasi\\\/\",\"url\":\"https:\\\/\\\/trading.credit\\\/tr\\\/gizlilik-politikasi\\\/\",\"name\":\"Gizlilik Politikas\u0131 - trading credit\",\"isPartOf\":{\"@id\":\"https:\\\/\\\/trading.credit\\\/tr\\\/#website\"},\"datePublished\":\"2023-10-15T05:11:35+00:00\",\"dateModified\":\"2023-12-31T13:29:34+00:00\",\"breadcrumb\":{\"@id\":\"https:\\\/\\\/trading.credit\\\/tr\\\/gizlilik-politikasi\\\/#breadcrumb\"},\"inLanguage\":\"tr-TR\",\"potentialAction\":[{\"@type\":\"ReadAction\",\"target\":[\"https:\\\/\\\/trading.credit\\\/tr\\\/gizlilik-politikasi\\\/\"]}]},{\"@type\":\"BreadcrumbList\",\"@id\":\"https:\\\/\\\/trading.credit\\\/tr\\\/gizlilik-politikasi\\\/#breadcrumb\",\"itemListElement\":[{\"@type\":\"ListItem\",\"position\":1,\"name\":\"Home\",\"item\":\"https:\\\/\\\/trading.credit\\\/tr\\\/\"},{\"@type\":\"ListItem\",\"position\":2,\"name\":\"Gizlilik Politikas\u0131\"}]},{\"@type\":\"WebSite\",\"@id\":\"https:\\\/\\\/trading.credit\\\/tr\\\/#website\",\"url\":\"https:\\\/\\\/trading.credit\\\/tr\\\/\",\"name\":\"trading credit\",\"description\":\"\",\"potentialAction\":[{\"@type\":\"SearchAction\",\"target\":{\"@type\":\"EntryPoint\",\"urlTemplate\":\"https:\\\/\\\/trading.credit\\\/tr\\\/?s={search_term_string}\"},\"query-input\":{\"@type\":\"PropertyValueSpecification\",\"valueRequired\":true,\"valueName\":\"search_term_string\"}}],\"inLanguage\":\"tr-TR\"}]}<\/script>\n<!-- \/ Yoast SEO plugin. -->","yoast_head_json":{"title":"Gizlilik Politikas\u0131 - trading credit","robots":{"index":"index","follow":"follow","max-snippet":"max-snippet:-1","max-image-preview":"max-image-preview:large","max-video-preview":"max-video-preview:-1"},"canonical":"https:\/\/trading.credit\/tr\/gizlilik-politikasi\/","og_locale":"tr_TR","og_type":"article","og_title":"Gizlilik Politikas\u0131 - trading credit","og_description":"Veri koruma Bu web sitesinin operat\u00f6r\u00fc trading.credit, ki\u015fisel verilerinizin korunmas\u0131n\u0131 \u00e7ok ciddiye almaktad\u0131r. Ki\u015fisel verilerinizi gizli ve yasal veri koruma d\u00fczenlemelerine ve bu gizlilik politikas\u0131na uygun olarak ele al\u0131yoruz. Veri i\u015fleme izninizin geri \u00e7ekilmesi Bir\u00e7ok veri i\u015fleme i\u015flemi yaln\u0131zca a\u00e7\u0131k izninizle m\u00fcmk\u00fcnd\u00fcr. Onay\u0131n\u0131z\u0131 istedi\u011finiz zaman iptal edebilirsiniz. \u00c7erezler \u0130nternet sayfalar\u0131m\u0131zda &#8220;\u00e7erezler&#8221; kullan\u0131lmaktad\u0131r. \u00c7erezler bilgisayar\u0131n\u0131za zarar [&hellip;]","og_url":"https:\/\/trading.credit\/tr\/gizlilik-politikasi\/","og_site_name":"trading credit","article_modified_time":"2023-12-31T13:29:34+00:00","twitter_card":"summary_large_image","twitter_misc":{"Est. reading time":"2 minutes"},"schema":{"@context":"https:\/\/schema.org","@graph":[{"@type":"WebPage","@id":"https:\/\/trading.credit\/tr\/gizlilik-politikasi\/","url":"https:\/\/trading.credit\/tr\/gizlilik-politikasi\/","name":"Gizlilik Politikas\u0131 - trading credit","isPartOf":{"@id":"https:\/\/trading.credit\/tr\/#website"},"datePublished":"2023-10-15T05:11:35+00:00","dateModified":"2023-12-31T13:29:34+00:00","breadcrumb":{"@id":"https:\/\/trading.credit\/tr\/gizlilik-politikasi\/#breadcrumb"},"inLanguage":"tr-TR","potentialAction":[{"@type":"ReadAction","target":["https:\/\/trading.credit\/tr\/gizlilik-politikasi\/"]}]},{"@type":"BreadcrumbList","@id":"https:\/\/trading.credit\/tr\/gizlilik-politikasi\/#breadcrumb","itemListElement":[{"@type":"ListItem","position":1,"name":"Home","item":"https:\/\/trading.credit\/tr\/"},{"@type":"ListItem","position":2,"name":"Gizlilik Politikas\u0131"}]},{"@type":"WebSite","@id":"https:\/\/trading.credit\/tr\/#website","url":"https:\/\/trading.credit\/tr\/","name":"trading credit","description":"","potentialAction":[{"@type":"SearchAction","target":{"@type":"EntryPoint","urlTemplate":"https:\/\/trading.credit\/tr\/?s={search_term_string}"},"query-input":{"@type":"PropertyValueSpecification","valueRequired":true,"valueName":"search_term_string"}}],"inLanguage":"tr-TR"}]}},"spectra_custom_meta":{"_top_nav_excluded":[""],"_cms_nav_minihome":[""],"_wp_page_template":["default"],"_last_translation_edit_mode":["translation-editor"],"_uag_page_assets":["a:9:{s:3:\"css\";s:10987:\".wp-block-uagb-container.uagb-block-75b082b9 .uagb-container__shape-top svg{width: calc( 100% + 1.3px );}.wp-block-uagb-container.uagb-block-75b082b9 .uagb-container__shape.uagb-container__shape-top .uagb-container__shape-fill{fill: rgba(51,51,51,1);}.wp-block-uagb-container.uagb-block-75b082b9 .uagb-container__shape-bottom svg{width: calc( 100% + 1.3px );}.wp-block-uagb-container.uagb-block-75b082b9 .uagb-container__shape.uagb-container__shape-bottom .uagb-container__shape-fill{fill: rgba(51,51,51,1);}.wp-block-uagb-container.uagb-block-75b082b9 .uagb-container__video-wrap video{opacity: 1;}.wp-block-uagb-container.uagb-is-root-container .uagb-block-75b082b9{max-width: 100%;width: 100%;}.wp-block-uagb-container.uagb-is-root-container.alignfull.uagb-block-75b082b9 > .uagb-container-inner-blocks-wrap{--inner-content-custom-width: min( 100%, 1164px);max-width: var(--inner-content-custom-width);width: 100%;flex-direction: column;align-items: center;justify-content: center;flex-wrap: nowrap;row-gap: 20px;column-gap: 20px;}.wp-block-uagb-container.uagb-block-75b082b9{box-shadow: 0px 0px   #00000070 ;padding-top: 10px;padding-bottom: 10px;padding-left: 10px;padding-right: 10px;margin-top: 50px !important;margin-bottom: 50px !important;margin-left: 0px;margin-right: 0px;overflow: visible;order: initial;border-color: inherit;row-gap: 20px;column-gap: 20px;}.uagb-block-d222d4fe.wp-block-uagb-buttons.uagb-buttons__outer-wrap .uagb-buttons__wrap {gap: 10px;}.uagb-block-d222d4fe.uagb-buttons__outer-wrap .uagb-buttons__wrap {justify-content: left;align-items: center;}.wp-block-uagb-buttons .uagb-block-3ce1a2b1 .uagb-button__wrapper  .uagb-buttons-repeater.wp-block-button__link{box-shadow: 0px 0px 0 #00000026;}.wp-block-uagb-buttons .uagb-block-3ce1a2b1 .uagb-button__wrapper  .uagb-buttons-repeater.wp-block-button__link:hover{box-shadow: 0px 0px 0 #00000026;}.wp-block-uagb-buttons .uagb-block-3ce1a2b1 .uagb-buttons-repeater.wp-block-button__link{border-top-width: 1px;border-left-width: 1px;border-right-width: 1px;border-bottom-width: 1px;border-color: #333;border-style: solid;}.wp-block-uagb-buttons .uagb-block-3ce1a2b1 .uagb-buttons-repeater.wp-block-button__link:hover{border-color: #333;}.wp-block-uagb-buttons .uagb-block-3ce1a2b1 .uagb-buttons-repeater.wp-block-button__link:focus{border-color: #333;}.wp-block-uagb-buttons .uagb-block-3ce1a2b1.wp-block-button.is-style-outline .uagb-button__wrapper .wp-block-button__link.uagb-buttons-repeater{border-top-width: 1px;border-left-width: 1px;border-right-width: 1px;border-bottom-width: 1px;border-color: #333;border-style: solid;}.wp-block-uagb-buttons .uagb-block-3ce1a2b1.wp-block-button.is-style-outline .uagb-button__wrapper .wp-block-button__link.uagb-buttons-repeater:hover{border-color: #333;}.wp-block-uagb-buttons .uagb-block-3ce1a2b1 .uagb-buttons-repeater .uagb-button__icon > svg{width: 15px;height: 15px;}.wp-block-uagb-buttons .uagb-block-3ce1a2b1 .uagb-buttons-repeater .uagb-button__icon-position-after{margin-left: 8px;}.wp-block-uagb-buttons .uagb-block-3ce1a2b1 .uagb-buttons-repeater .uagb-button__icon-position-before{margin-right: 8px;}.wp-block-uagb-buttons .uagb-block-3ce1a2b1 .uagb-button__link{text-transform: normal;text-decoration: none;}.uagb-block-ff6e0151.wp-block-uagb-image--layout-default figure img{box-shadow: 0px 0px 0 #00000070;}.uagb-block-ff6e0151.wp-block-uagb-image .wp-block-uagb-image__figure figcaption{font-style: normal;align-self: center;}.uagb-block-ff6e0151.wp-block-uagb-image--layout-overlay figure img{box-shadow: 0px 0px 0 #00000070;}.uagb-block-ff6e0151.wp-block-uagb-image--layout-overlay .wp-block-uagb-image--layout-overlay__color-wrapper{opacity: 0.2;}.uagb-block-ff6e0151.wp-block-uagb-image--layout-overlay .wp-block-uagb-image--layout-overlay__inner{left: 15px;right: 15px;top: 15px;bottom: 15px;}.uagb-block-ff6e0151.wp-block-uagb-image--layout-overlay .wp-block-uagb-image--layout-overlay__inner .uagb-image-heading{font-style: normal;color: #fff;opacity: 1;}.uagb-block-ff6e0151.wp-block-uagb-image--layout-overlay .wp-block-uagb-image--layout-overlay__inner .uagb-image-heading a{color: #fff;}.uagb-block-ff6e0151.wp-block-uagb-image--layout-overlay .wp-block-uagb-image--layout-overlay__inner .uagb-image-caption{opacity: 0;}.uagb-block-ff6e0151.wp-block-uagb-image--layout-overlay .wp-block-uagb-image__figure:hover .wp-block-uagb-image--layout-overlay__color-wrapper{opacity: 1;}.uagb-block-ff6e0151.wp-block-uagb-image .wp-block-uagb-image--layout-overlay__inner .uagb-image-separator{width: 30%;border-top-width: 2px;border-top-color: #fff;opacity: 0;}.uagb-block-ff6e0151.wp-block-uagb-image .wp-block-uagb-image__figure img{width: 427px;height: 400px;}.uagb-block-ff6e0151.wp-block-uagb-image .wp-block-uagb-image__figure:hover .wp-block-uagb-image--layout-overlay__inner .uagb-image-caption{opacity: 1;}.uagb-block-ff6e0151.wp-block-uagb-image .wp-block-uagb-image__figure:hover .wp-block-uagb-image--layout-overlay__inner .uagb-image-separator{opacity: 1;}.uagb-block-ff6e0151.wp-block-uagb-image--layout-default figure:hover img{box-shadow: 0px 0px 0 #00000070;}.uagb-block-ff6e0151.wp-block-uagb-image--layout-overlay figure:hover img{box-shadow: 0px 0px 0 #00000070;}@media only screen and (max-width: 976px) {.wp-block-uagb-container.uagb-is-root-container .uagb-block-75b082b9{width: 100%;}.wp-block-uagb-container.uagb-is-root-container.alignfull.uagb-block-75b082b9 > .uagb-container-inner-blocks-wrap{--inner-content-custom-width: min( 100%, 1024px);max-width: var(--inner-content-custom-width);width: 100%;}.wp-block-uagb-container.uagb-block-75b082b9{padding-top: 10px;padding-bottom: 10px;padding-left: 10px;padding-right: 10px;margin-top: 50px !important;margin-bottom: 50px !important;margin-left: 0px;margin-right: 0px;order: initial;}.uagb-block-d222d4fe.uagb-buttons__outer-wrap .uagb-buttons__wrap {justify-content: center;align-items: center;}.uagb-block-d222d4fe.uagb-buttons__outer-wrap .uagb-buttons__wrap .wp-block-button{width: auto;}.wp-block-uagb-buttons .uagb-block-3ce1a2b1.wp-block-button.is-style-outline .uagb-button__wrapper .wp-block-button__link.uagb-buttons-repeater{border-style: solid;border-color: #333;}.wp-block-uagb-buttons .uagb-block-3ce1a2b1 .uagb-buttons-repeater.wp-block-button__link{border-style: solid;border-color: #333;}.uagb-block-ff6e0151.wp-block-uagb-image .wp-block-uagb-image__figure img{width: 427px;height: auto;}}@media only screen and (max-width: 767px) {.wp-block-uagb-container.uagb-is-root-container .uagb-block-75b082b9{max-width: 100%;width: 100%;}.wp-block-uagb-container.uagb-is-root-container.alignfull.uagb-block-75b082b9 > .uagb-container-inner-blocks-wrap{--inner-content-custom-width: min( 100%, 767px);max-width: var(--inner-content-custom-width);width: 100%;flex-wrap: wrap;}.wp-block-uagb-container.uagb-block-75b082b9{padding-top: 10px;padding-bottom: 10px;padding-left: 10px;padding-right: 10px;margin-top: 50px !important;margin-bottom: 50px !important;margin-left: 0px;margin-right: 0px;order: initial;}.uagb-block-d222d4fe.uagb-buttons__outer-wrap .uagb-buttons__wrap {justify-content: center;align-items: center;}.uagb-block-d222d4fe.uagb-buttons__outer-wrap .uagb-buttons__wrap .wp-block-button{width: auto;}.wp-block-uagb-buttons .uagb-block-3ce1a2b1.wp-block-button.is-style-outline .uagb-button__wrapper .wp-block-button__link.uagb-buttons-repeater{border-style: solid;border-color: #333;}.wp-block-uagb-buttons .uagb-block-3ce1a2b1 .uagb-buttons-repeater.wp-block-button__link{border-style: solid;border-color: #333;}.uagb-block-ff6e0151.wp-block-uagb-image .wp-block-uagb-image__figure img{width: 427px;height: auto;}}.wp-block-uagb-container.uagb-block-ce837916 .uagb-container__shape-top svg{width: calc( 100% + 1.3px );}.wp-block-uagb-container.uagb-block-ce837916 .uagb-container__shape.uagb-container__shape-top .uagb-container__shape-fill{fill: rgba(51,51,51,1);}.wp-block-uagb-container.uagb-block-ce837916 .uagb-container__shape-bottom svg{width: calc( 100% + 1.3px );}.wp-block-uagb-container.uagb-block-ce837916 .uagb-container__shape.uagb-container__shape-bottom .uagb-container__shape-fill{fill: rgba(51,51,51,1);}.wp-block-uagb-container.uagb-block-ce837916 .uagb-container__video-wrap video{opacity: 1;}.wp-block-uagb-container.uagb-is-root-container .uagb-block-ce837916{max-width: 100%;width: 100%;}.wp-block-uagb-container.uagb-is-root-container.alignfull.uagb-block-ce837916 > .uagb-container-inner-blocks-wrap{--inner-content-custom-width: min( 100%, 1164px);max-width: var(--inner-content-custom-width);width: 100%;flex-direction: column;align-items: center;justify-content: center;flex-wrap: nowrap;row-gap: 20px;column-gap: 20px;}.wp-block-uagb-container.uagb-block-ce837916{box-shadow: 0px 0px   #00000070 ;padding-top: 10px;padding-bottom: 10px;padding-left: 10px;padding-right: 10px;margin-top:  !important;margin-bottom:  !important;overflow: visible;order: initial;border-color: inherit;row-gap: 20px;column-gap: 20px;}.wp-block-uagb-advanced-heading.uagb-block-4566e0cf.wp-block-uagb-advanced-heading .uagb-heading-text{color: #ffffff;}.wp-block-uagb-advanced-heading.uagb-block-4566e0cf.wp-block-uagb-advanced-heading {text-align: center;}.wp-block-uagb-advanced-heading.uagb-block-4566e0cf.wp-block-uagb-advanced-heading .uagb-desc-text{margin-bottom: 15px;}.wp-block-uagb-advanced-heading.uagb-block-4566e0cf.wp-block-uagb-advanced-heading .uagb-highlight{font-style: normal;font-weight: Default;background: #007cba;color: #fff;-webkit-text-fill-color: #fff;}.wp-block-uagb-advanced-heading.uagb-block-4566e0cf.wp-block-uagb-advanced-heading .uagb-highlight::-moz-selection{color: #fff;background: #007cba;-webkit-text-fill-color: #fff;}.wp-block-uagb-advanced-heading.uagb-block-4566e0cf.wp-block-uagb-advanced-heading .uagb-highlight::selection{color: #fff;background: #007cba;-webkit-text-fill-color: #fff;}@media only screen and (max-width: 976px) {.wp-block-uagb-container.uagb-is-root-container .uagb-block-ce837916{width: 100%;}.wp-block-uagb-container.uagb-is-root-container.alignfull.uagb-block-ce837916 > .uagb-container-inner-blocks-wrap{--inner-content-custom-width: min( 100%, 1024px);max-width: var(--inner-content-custom-width);width: 100%;}.wp-block-uagb-container.uagb-block-ce837916{padding-top: 10px;padding-bottom: 10px;padding-left: 10px;padding-right: 10px;margin-top:  !important;margin-bottom:  !important;order: initial;}}@media only screen and (max-width: 767px) {.wp-block-uagb-container.uagb-is-root-container .uagb-block-ce837916{max-width: 100%;width: 100%;}.wp-block-uagb-container.uagb-is-root-container.alignfull.uagb-block-ce837916 > .uagb-container-inner-blocks-wrap{--inner-content-custom-width: min( 100%, 767px);max-width: var(--inner-content-custom-width);width: 100%;flex-wrap: wrap;}.wp-block-uagb-container.uagb-block-ce837916{padding-top: 10px;padding-bottom: 10px;padding-left: 10px;padding-right: 10px;margin-top:  !important;margin-bottom:  !important;order: initial;}}\";s:2:\"js\";s:161:\"document.addEventListener(\"DOMContentLoaded\", function(){ window.addEventListener( 'load', function() {\n\tUAGBButtonChild.init( '.uagb-block-3ce1a2b1' );\n});\n });\";s:18:\"current_block_list\";a:40:{i:0;s:10:\"core\/group\";i:2;s:10:\"core\/image\";i:4;s:15:\"core\/navigation\";i:5;s:12:\"core\/buttons\";i:6;s:11:\"core\/button\";i:8;s:15:\"core\/post-title\";i:11;s:24:\"core\/post-featured-image\";i:12;s:17:\"core\/post-content\";i:14;s:13:\"core\/comments\";i:15;s:19:\"core\/comments-title\";i:16;s:21:\"core\/comment-template\";i:19;s:11:\"core\/avatar\";i:21;s:24:\"core\/comment-author-name\";i:23;s:17:\"core\/comment-date\";i:24;s:22:\"core\/comment-edit-link\";i:25;s:20:\"core\/comment-content\";i:26;s:23:\"core\/comment-reply-link\";i:27;s:24:\"core\/comments-pagination\";i:28;s:33:\"core\/comments-pagination-previous\";i:29;s:32:\"core\/comments-pagination-numbers\";i:30;s:29:\"core\/comments-pagination-next\";i:31;s:23:\"core\/post-comments-form\";i:32;s:14:\"uagb\/container\";i:33;s:12:\"core\/columns\";i:34;s:11:\"core\/column\";i:35;s:14:\"core\/paragraph\";i:36;s:12:\"uagb\/buttons\";i:37;s:18:\"uagb\/buttons-child\";i:39;s:10:\"uagb\/image\";i:42;s:21:\"uagb\/advanced-heading\";i:43;s:15:\"core\/site-title\";i:44;s:9:\"core\/list\";i:45;s:14:\"core\/list-item\";i:46;s:14:\"core\/separator\";i:47;s:11:\"core\/search\";i:49;s:12:\"core\/heading\";i:50;s:17:\"core\/latest-posts\";i:51;s:20:\"core\/latest-comments\";i:52;s:13:\"core\/archives\";i:53;s:15:\"core\/categories\";}s:8:\"uag_flag\";b:1;s:11:\"uag_version\";i:1776942020;s:6:\"gfonts\";a:0:{}s:10:\"gfonts_url\";s:0:\"\";s:12:\"gfonts_files\";a:0:{}s:14:\"uag_faq_layout\";b:0;}"]},"uagb_featured_image_src":{"full":false,"thumbnail":false,"medium":false,"medium_large":false,"large":false,"1536x1536":false,"2048x2048":false,"mailpoet_newsletter_max":false},"uagb_author_info":{"display_name":"wpadmin","author_link":"https:\/\/trading.credit\/tr\/author\/wpadmin\/"},"uagb_comment_info":0,"uagb_excerpt":"Veri koruma Bu web sitesinin operat\u00f6r\u00fc trading.credit, ki\u015fisel verilerinizin korunmas\u0131n\u0131 \u00e7ok ciddiye almaktad\u0131r. Ki\u015fisel verilerinizi gizli ve yasal veri koruma d\u00fczenlemelerine ve bu gizlilik politikas\u0131na uygun olarak ele al\u0131yoruz. Veri i\u015fleme izninizin geri \u00e7ekilmesi Bir\u00e7ok veri i\u015fleme i\u015flemi yaln\u0131zca a\u00e7\u0131k izninizle m\u00fcmk\u00fcnd\u00fcr. Onay\u0131n\u0131z\u0131 istedi\u011finiz zaman iptal edebilirsiniz. \u00c7erezler \u0130nternet sayfalar\u0131m\u0131zda &#8220;\u00e7erezler&#8221; kullan\u0131lmaktad\u0131r. \u00c7erezler bilgisayar\u0131n\u0131za zarar&hellip;","_links":{"self":[{"href":"https:\/\/trading.credit\/tr\/wp-json\/wp\/v2\/pages\/857","targetHints":{"allow":["GET"]}}],"collection":[{"href":"https:\/\/trading.credit\/tr\/wp-json\/wp\/v2\/pages"}],"about":[{"href":"https:\/\/trading.credit\/tr\/wp-json\/wp\/v2\/types\/page"}],"author":[{"embeddable":true,"href":"https:\/\/trading.credit\/tr\/wp-json\/wp\/v2\/users\/1"}],"replies":[{"embeddable":true,"href":"https:\/\/trading.credit\/tr\/wp-json\/wp\/v2\/comments?post=857"}],"version-history":[{"count":1,"href":"https:\/\/trading.credit\/tr\/wp-json\/wp\/v2\/pages\/857\/revisions"}],"predecessor-version":[{"id":859,"href":"https:\/\/trading.credit\/tr\/wp-json\/wp\/v2\/pages\/857\/revisions\/859"}],"wp:attachment":[{"href":"https:\/\/trading.credit\/tr\/wp-json\/wp\/v2\/media?parent=857"}],"curies":[{"name":"wp","href":"https:\/\/api.w.org\/{rel}","templated":true}]}}